{"id":2446,"date":"2017-01-04T21:45:17","date_gmt":"2017-01-04T20:45:17","guid":{"rendered":"https:\/\/www.orosound.com\/?page_id=2446\/"},"modified":"2019-11-19T13:07:12","modified_gmt":"2019-11-19T12:07:12","slug":"informations-legales","status":"publish","type":"page","link":"https:\/\/www.orosound.com\/fr\/informations-legales\/","title":{"rendered":"LEGAL &#8211; Informations L\u00e9gales"},"content":{"rendered":"<p>[et_pb_section fb_built=\u00a0\u00bb1&Prime; fullwidth=\u00a0\u00bbon\u00a0\u00bb _builder_version=\u00a0\u00bb3.22&Prime; background_color=\u00a0\u00bb#ffffff\u00a0\u00bb background_image=\u00a0\u00bbhttps:\/\/www.orosound.com\/wp-content\/uploads\/2018\/07\/orosound-tilde-header.png\u00a0\u00bb][et_pb_fullwidth_header title=\u00a0\u00bbINFORMATIONS L\u00c9GALES\u00a0\u00bb text_orientation=\u00a0\u00bbcenter\u00a0\u00bb _builder_version=\u00a0\u00bb3.16&Prime; background_color=\u00a0\u00bbrgba(0,0,0,0.25)\u00a0\u00bb background_image=\u00a0\u00bbhttps:\/\/www.orosound.com\/wp-content\/uploads\/2017\/07\/matiererepeat1-transparence70.png\u00a0\u00bb background_repeat=\u00a0\u00bbrepeat\u00a0\u00bb max_width_tablet=\u00a0\u00bb50px\u00a0\u00bb button_one_text_size__hover_enabled=\u00a0\u00bboff\u00a0\u00bb button_two_text_size__hover_enabled=\u00a0\u00bboff\u00a0\u00bb button_one_text_color__hover_enabled=\u00a0\u00bboff\u00a0\u00bb button_two_text_color__hover_enabled=\u00a0\u00bboff\u00a0\u00bb button_one_border_width__hover_enabled=\u00a0\u00bboff\u00a0\u00bb button_two_border_width__hover_enabled=\u00a0\u00bboff\u00a0\u00bb button_one_border_color__hover_enabled=\u00a0\u00bboff\u00a0\u00bb button_two_border_color__hover_enabled=\u00a0\u00bboff\u00a0\u00bb button_one_border_radius__hover_enabled=\u00a0\u00bboff\u00a0\u00bb button_two_border_radius__hover_enabled=\u00a0\u00bboff\u00a0\u00bb button_one_letter_spacing__hover_enabled=\u00a0\u00bboff\u00a0\u00bb button_two_letter_spacing__hover_enabled=\u00a0\u00bboff\u00a0\u00bb button_one_bg_color__hover_enabled=\u00a0\u00bboff\u00a0\u00bb button_two_bg_color__hover_enabled=\u00a0\u00bboff\u00a0\u00bb][\/et_pb_fullwidth_header][\/et_pb_section][et_pb_section fb_built=\u00a0\u00bb1&Prime; fullwidth=\u00a0\u00bbon\u00a0\u00bb _builder_version=\u00a0\u00bb3.22&Prime; transparent_background=\u00a0\u00bboff\u00a0\u00bb make_fullwidth=\u00a0\u00bboff\u00a0\u00bb use_custom_width=\u00a0\u00bboff\u00a0\u00bb width_unit=\u00a0\u00bbon\u00a0\u00bb][et_pb_fullwidth_image src=\u00a0\u00bbhttps:\/\/www.orosound.com\/wp-content\/uploads\/2017\/02\/orosound-matiere-verte-website.png\u00a0\u00bb alt=\u00a0\u00bblogo mati\u00e8re verte \u00e0 rayure orosound\u00a0\u00bb title_text=\u00a0\u00bbmatiere-orosound\u00a0\u00bb admin_label=\u00a0\u00bbMati\u00e8re verte\u00a0\u00bb _builder_version=\u00a0\u00bb3.9&Prime; animation_style=\u00a0\u00bbfade\u00a0\u00bb animation_duration=\u00a0\u00bb500ms\u00a0\u00bb use_border_color=\u00a0\u00bboff\u00a0\u00bb]&nbsp;<br \/>\n[\/et_pb_fullwidth_image][\/et_pb_section][et_pb_section fb_built=\u00a0\u00bb1&Prime; admin_label=\u00a0\u00bbsection\u00a0\u00bb _builder_version=\u00a0\u00bb3.22&Prime;][et_pb_row admin_label=\u00a0\u00bbrow\u00a0\u00bb _builder_version=\u00a0\u00bb3.25&Prime; background_size=\u00a0\u00bbinitial\u00a0\u00bb background_position=\u00a0\u00bbtop_left\u00a0\u00bb background_repeat=\u00a0\u00bbrepeat\u00a0\u00bb][et_pb_column type=\u00a0\u00bb4_4&Prime; _builder_version=\u00a0\u00bb3.25&Prime; custom_padding=\u00a0\u00bb|||\u00a0\u00bb custom_padding__hover=\u00a0\u00bb|||\u00a0\u00bb][et_pb_text admin_label=\u00a0\u00bbCorps du texte\u00a0\u00bb _builder_version=\u00a0\u00bb3.27.4&Prime; background_size=\u00a0\u00bbinitial\u00a0\u00bb background_position=\u00a0\u00bbtop_left\u00a0\u00bb background_repeat=\u00a0\u00bbrepeat\u00a0\u00bb use_border_color=\u00a0\u00bboff\u00a0\u00bb]<strong><u>Mentions l\u00e9gales<\/u><\/strong><\/p>\n<p>Orosound est une soci\u00e9t\u00e9 de droit Fran\u00e7ais enregistr\u00e9e au Registre du Commerce et Soci\u00e9t\u00e9s (RCS) de Paris.<\/p>\n<p>Orosound, SAS au capital de 22 445 \u20ac<br \/>\nSi\u00e8ge social: 84 bis quai du Petit Parc, 94100 Saint-Maur-des-Fosses, France<br \/>\nN\u00b0 SIRET: 811 315 829 00028<br \/>\nN\u00b0 TVA: FR25811315829<\/p>\n<p>&nbsp;<\/p>\n<p><strong><u>H\u00e9bergeur<\/u><\/strong><\/p>\n<p>Orosound est h\u00e9berg\u00e9 par GANDI SAS :<br \/>\nSoci\u00e9t\u00e9 par actions simplifi\u00e9e au capital de 800 000 \u20ac, immatricul\u00e9e au Registre du Commerce et des Soci\u00e9t\u00e9s de Paris sous le num\u00e9ro RCS 423 093 459.<br \/>\nSi\u00e8ge social : 63-65 boulevard Massena \u00e0 Paris &#8211; 75013 &#8211; FRANCE<br \/>\nN\u00b0 TVA : FR25811315829<br \/>\nT\u00e9l\u00e9phone: +33.(0) 1 70.37.76.61<br \/>\n[\/et_pb_text][\/et_pb_column][\/et_pb_row][\/et_pb_section][et_pb_section fb_built=\u00a0\u00bb1&Prime; fullwidth=\u00a0\u00bbon\u00a0\u00bb _builder_version=\u00a0\u00bb3.22&Prime;][et_pb_fullwidth_image src=\u00a0\u00bbhttps:\/\/www.orosound.com\/wp-content\/uploads\/2017\/02\/orosound-matiere-verte-website.png\u00a0\u00bb alt=\u00a0\u00bblogo mati\u00e8re verte \u00e0 rayure orosound\u00a0\u00bb title_text=\u00a0\u00bbmatiere-orosound\u00a0\u00bb admin_label=\u00a0\u00bbMati\u00e8re verte\u00a0\u00bb _builder_version=\u00a0\u00bb3.9&Prime; animation_style=\u00a0\u00bbfade\u00a0\u00bb animation_duration=\u00a0\u00bb500ms\u00a0\u00bb use_border_color=\u00a0\u00bboff\u00a0\u00bb]&nbsp;<br \/>\n[\/et_pb_fullwidth_image][\/et_pb_section]<\/p>\n<span class=\"et_bloom_bottom_trigger\"><\/span>","protected":false},"excerpt":{"rendered":"<p>&nbsp; Mentions l\u00e9gales Orosound est une soci\u00e9t\u00e9 de droit Fran\u00e7ais enregistr\u00e9e au Registre du Commerce et Soci\u00e9t\u00e9s (RCS) de Paris. Orosound, SAS au capital de 22 445 \u20ac Si\u00e8ge social: 84 bis quai du Petit Parc, 94100 Saint-Maur-des-Fosses, France N\u00b0 SIRET: 811 315 829 00028 N\u00b0 TVA: FR25811315829 &nbsp; H\u00e9bergeur Orosound est h\u00e9berg\u00e9 par GANDI [&hellip;]<\/p>\n","protected":false},"author":1,"featured_media":0,"parent":0,"menu_order":0,"comment_status":"closed","ping_status":"closed","template":"","meta":{"_acf_changed":false,"_seopress_robots_primary_cat":"","_seopress_titles_title":"Informations l\u00e9gales - Orosound","_seopress_titles_desc":"Informations l\u00e9gales. D\u00e9couvrez les informations l\u00e9gales de l'entreprise Orosound (mentions l\u00e9gales, h\u00e9bergeurs...). Lire plus.","_seopress_robots_index":"","_et_pb_use_builder":"on","_et_pb_old_content":"","_et_gb_content_width":"","footnotes":""},"acf":[],"_links":{"self":[{"href":"https:\/\/www.orosound.com\/fr\/wp-json\/wp\/v2\/pages\/2446"}],"collection":[{"href":"https:\/\/www.orosound.com\/fr\/wp-json\/wp\/v2\/pages"}],"about":[{"href":"https:\/\/www.orosound.com\/fr\/wp-json\/wp\/v2\/types\/page"}],"author":[{"embeddable":true,"href":"https:\/\/www.orosound.com\/fr\/wp-json\/wp\/v2\/users\/1"}],"replies":[{"embeddable":true,"href":"https:\/\/www.orosound.com\/fr\/wp-json\/wp\/v2\/comments?post=2446"}],"version-history":[{"count":0,"href":"https:\/\/www.orosound.com\/fr\/wp-json\/wp\/v2\/pages\/2446\/revisions"}],"wp:attachment":[{"href":"https:\/\/www.orosound.com\/fr\/wp-json\/wp\/v2\/media?parent=2446"}],"curies":[{"name":"wp","href":"https:\/\/api.w.org\/{rel}","templated":true}]}}