{"id":2387,"date":"2016-12-23T17:09:57","date_gmt":"2016-12-23T16:09:57","guid":{"rendered":"https:\/\/www.orosound.com\/?page_id=2387\/"},"modified":"2023-03-22T14:53:48","modified_gmt":"2023-03-22T13:53:48","slug":"regles-de-confidentialite","status":"publish","type":"page","link":"https:\/\/www.orosound.com\/fr\/regles-de-confidentialite\/","title":{"rendered":"LEGAL &#8211; R\u00e8gles de confidentialit\u00e9"},"content":{"rendered":"<p>[et_pb_section fb_built=\u00a0\u00bb1&Prime; fullwidth=\u00a0\u00bbon\u00a0\u00bb _builder_version=\u00a0\u00bb4.18.0&Prime; background_color=\u00a0\u00bb#ffffff\u00a0\u00bb background_image=\u00a0\u00bbhttps:\/\/www.orosound.com\/wp-content\/uploads\/2018\/07\/orosound-tilde-header.png\u00a0\u00bb hover_enabled=\u00a0\u00bb0&Prime; global_colors_info=\u00a0\u00bb{}\u00a0\u00bb collapsed=\u00a0\u00bbon\u00a0\u00bb disabled_on=\u00a0\u00bbon|on|on\u00a0\u00bb disabled=\u00a0\u00bbon\u00a0\u00bb sticky_enabled=\u00a0\u00bb0&Prime;][et_pb_fullwidth_header title=\u00a0\u00bbR\u00c8GLES DE CONFIDENTIALIT\u00c9\u00a0\u00bb text_orientation=\u00a0\u00bbcenter\u00a0\u00bb _builder_version=\u00a0\u00bb4.16&Prime; background_color=\u00a0\u00bbrgba(0,0,0,0.25)\u00a0\u00bb background_image=\u00a0\u00bbhttps:\/\/www.orosound.com\/wp-content\/uploads\/2017\/07\/matiererepeat1-transparence70.png\u00a0\u00bb background_repeat=\u00a0\u00bbrepeat\u00a0\u00bb max_width_tablet=\u00a0\u00bb50px\u00a0\u00bb global_colors_info=\u00a0\u00bb{}\u00a0\u00bb button_one_text_size__hover_enabled=\u00a0\u00bboff\u00a0\u00bb button_two_text_size__hover_enabled=\u00a0\u00bboff\u00a0\u00bb button_one_text_color__hover_enabled=\u00a0\u00bboff\u00a0\u00bb button_two_text_color__hover_enabled=\u00a0\u00bboff\u00a0\u00bb button_one_border_width__hover_enabled=\u00a0\u00bboff\u00a0\u00bb button_two_border_width__hover_enabled=\u00a0\u00bboff\u00a0\u00bb button_one_border_color__hover_enabled=\u00a0\u00bboff\u00a0\u00bb button_two_border_color__hover_enabled=\u00a0\u00bboff\u00a0\u00bb button_one_border_radius__hover_enabled=\u00a0\u00bboff\u00a0\u00bb button_two_border_radius__hover_enabled=\u00a0\u00bboff\u00a0\u00bb button_one_letter_spacing__hover_enabled=\u00a0\u00bboff\u00a0\u00bb button_two_letter_spacing__hover_enabled=\u00a0\u00bboff\u00a0\u00bb button_one_bg_color__hover_enabled=\u00a0\u00bboff\u00a0\u00bb button_two_bg_color__hover_enabled=\u00a0\u00bboff\u00a0\u00bb][\/et_pb_fullwidth_header][\/et_pb_section][et_pb_section fb_built=\u00a0\u00bb1&Prime; admin_label=\u00a0\u00bbsection\u00a0\u00bb _builder_version=\u00a0\u00bb4.16&Prime; global_colors_info=\u00a0\u00bb{}\u00a0\u00bb][et_pb_row admin_label=\u00a0\u00bbrow\u00a0\u00bb _builder_version=\u00a0\u00bb4.16&Prime; background_size=\u00a0\u00bbinitial\u00a0\u00bb background_position=\u00a0\u00bbtop_left\u00a0\u00bb background_repeat=\u00a0\u00bbrepeat\u00a0\u00bb hover_enabled=\u00a0\u00bb0&Prime; global_colors_info=\u00a0\u00bb{}\u00a0\u00bb sticky_enabled=\u00a0\u00bb0&Prime;][et_pb_column type=\u00a0\u00bb4_4&Prime; _builder_version=\u00a0\u00bb4.16&Prime; custom_padding=\u00a0\u00bb|||\u00a0\u00bb global_colors_info=\u00a0\u00bb{}\u00a0\u00bb custom_padding__hover=\u00a0\u00bb|||\u00a0\u00bb][et_pb_text admin_label=\u00a0\u00bbCorps de texte &#8211; r\u00e8gles de confidentialit\u00e9\u00a0\u00bb _builder_version=\u00a0\u00bb4.18.0&Prime; background_size=\u00a0\u00bbinitial\u00a0\u00bb background_position=\u00a0\u00bbtop_left\u00a0\u00bb background_repeat=\u00a0\u00bbrepeat\u00a0\u00bb hover_enabled=\u00a0\u00bb0&Prime; use_border_color=\u00a0\u00bboff\u00a0\u00bb global_colors_info=\u00a0\u00bb{}\u00a0\u00bb sticky_enabled=\u00a0\u00bb0&Prime; header_font=\u00a0\u00bbUrbanist|800|||||||\u00a0\u00bb header_2_font=\u00a0\u00bbUrbanist|700|||||||\u00a0\u00bb header_2_font_size=\u00a0\u00bb22px\u00a0\u00bb header_3_font=\u00a0\u00bbUrbanist|600|||on||||\u00a0\u00bb header_3_font_size=\u00a0\u00bb18px\u00a0\u00bb header_2_line_height=\u00a0\u00bb1.3em\u00a0\u00bb]<\/p>\n<h1>Conditions Ge\u0301ne\u0301rales d\u2019Utilisation et re\u0300gles de confidentialite\u0301 Orosound<\/h1>\n<hr \/>\n<h2><strong>Informations ge\u0301ne\u0301rales <\/strong><\/h2>\n<p>En utilisant notre site vous acceptez pleinement et entie\u0300rement les conditions ge\u0301ne\u0301rales ci-dessous. Nous nous efforc\u0327ons de mettre a\u0300 jour re\u0301gulie\u0300rement les donne\u0301es du site. Ces conditions peuvent donc e\u0302tre modifie\u0301es a\u0300 tout moment. Nous vous invitons a\u0300 en prendre connaissance re\u0301gulie\u0300rement.<br \/>Pour des raisons de maintenance technique, des interruptions pourront e\u0302tre constate\u0301es : nous nous excusons de la ge\u0302ne occasionne\u0301e.<\/p>\n<h3>Description des services<\/h3>\n<p>Le site https:\/\/www.orosound.com\/ a pour objet de fournir une information concernant l\u2019ensemble des produits et services de la socie\u0301te\u0301 OROSOUND (811 315 829 RCS Cre\u0301teil). Malgre\u0301 une mise a\u0300 jour re\u0301gulie\u0300re de nos donne\u0301es, nous ne pourrons e\u0302tre tenus pour responsables des omissions, inexactitudes et carences dans les informations pre\u0301sentes sur le site, qu\u2019elles soient de notre fait ou du fait des tiers partenaires. Toutes les informations du site sont donne\u0301es a\u0300 titre indicatif, sont susceptibles d\u2019e\u0301voluer et sont non exhaustives.<\/p>\n<h3>Limite des responsabilite\u0301s<\/h3>\n<p>OROSOUND ne pourra e\u0302tre tenue pour responsable des dommages mate\u0301riels et logiciels lie\u0301s a\u0300 l\u2019utilisation du site ainsi que l\u2019apparition de dysfonctionnement ou d\u2019incompatibilite\u0301.<br \/>Nous vous conseillons l\u2019utilisation d\u2019un mate\u0301riel re\u0301cent, avec un navigateur de dernie\u0300re ge\u0301ne\u0301ration mis a\u0300 jour pour optimiser votre navigation sur notre site internet (ex : Chrome).<\/p>\n<h3>Proprie\u0301te\u0301 intellectuelle<\/h3>\n<p>Les contenus diffuse\u0301s sur le site d\u2019OROSOUND (photos, images, contenus re\u0301dactionnels, graphismes, logo, ico\u0302nes, sons&#8230;) et les e\u0301le\u0301ments ne\u0301cessaires a\u0300 son fonctionnement (logiciels) font l\u2019objet d\u2019une protection des droits de proprie\u0301te\u0301 intellectuelle, Toute exploitation non autorise\u0301e du site ou de l\u2019un des e\u0301le\u0301ments qu\u2019il contient sera conside\u0301re\u0301e comme constitutive d\u2019une contrefac\u0327on et poursuivie conforme\u0301ment aux dispositions des articles L.335-2 et suivants du Code de Proprie\u0301te\u0301 Intellectuelle.<\/p>\n<h3>Droits applicables<\/h3>\n<p>La pre\u0301sente charte s\u2019inscrit dans le cadre des lois en vigueur a\u0300 la date de consultation de sa dernie\u0300re version (a\u0300 savoir, la loi CNIL n\u00b0 78-87 du 6 janvier 1978, notamment modifie\u0301e par la loi n\u00b0 2004-801 du 6 aou\u0302t 2004 relative a\u0300 l\u2019informatique, aux fichiers et aux liberte\u0301s, la loi n\u00b0 2004-575 du 21 juin 2004 pour la confiance dans l\u2019e\u0301conomie nume\u0301rique, le re\u0300glement no 2016\/679, dit re\u0300glement ge\u0301ne\u0301ral sur la protection des donne\u0301es \u2013 RGPD-, etc&#8230;)<br \/>Tout litige en relation avec l\u2019utilisation du site est soumis au droit franc\u0327ais et le tribunal de Cre\u0301teil sera seul compe\u0301tent, me\u0302me en cas de pluralite\u0301 de de\u0301fendeurs ou d\u2019appel en intervention force\u0301e.<\/p>\n<h2><strong>Gestion des donne\u0301es personnelles Orosound <\/strong><\/h2>\n<p>Le 25 mai 2018, la nouvelle re\u0301glementation ge\u0301ne\u0301rale europe\u0301enne sur la protection des donne\u0301es a\u0300 caracte\u0300res personnel (RGPD) est entre\u0301e en vigueur.<br \/>Orosound s\u2019engage depuis sa cre\u0301ation a\u0300 respecter l\u2019utilisation et la protection des donne\u0301es de ses clients.<\/p>\n<h2><strong>Quelles informations Orosound collecte-t-elle ? <\/strong><\/h2>\n<p>Identite\u0301 : civilite\u0301, nom, pre\u0301nom et adresse email.<br \/>Donne\u0301es ne\u0301cessaires a\u0300 la re\u0301alisation des actions de fide\u0301lisation et de prospection : historique des achats, des demandes de devis, des contacts effectue\u0301s sur le site web par le biais de formulaires. Donne\u0301es ne\u0301cessaires au bon fonctionnement des casques Orosound : en te\u0301le\u0301chargeant l\u2019application de bureau Orosound Link, nous re\u0301cupe\u0301rons par le biais du formulaire, les informations concernant le nom, pre\u0301nom et email de l\u2019utilisateur. Ces donne\u0301es sont utilise\u0301es pour envoyer des communications email dans l\u2019objectif d\u2019optimiser l\u2019utilisation du casque. Un tracking est fait a\u0300 des fins statistiques, pour connai\u0302tre le nombre de te\u0301le\u0301chargements et d\u2019activations de l\u2019application. A terme, afin de faciliter les de\u0301ploiements de parcs de casques, un login et mot de passe seront demande\u0301s. Aucune information personnelle sur l\u2019usage du casque n\u2019est collecte\u0301e. Il est de plus possible de te\u0301le\u0301charger l\u2019application sans remplir de formulaire. Le lien est disponible sur la page Link.<\/p>\n<h2><strong>Comment utilisons-nous ces informations ? <\/strong><\/h2>\n<p>Ame\u0301liorer la navigation sur le site, l\u2019expe\u0301rience utilisateur et la trac\u0327abilite\u0301 des prestations et services commande\u0301s par l\u2019utilisateur : donne\u0301es de connexion et d\u2019utilisation du site, facturation, historique des commandes.<br \/>Pre\u0301venir et lutter contre la fraude informatique (spamming, hacking) : mate\u0301riel informatique utilise\u0301 pour la navigation, l\u2019adresse IP, le mot de passe (hashe\u0301).<\/p>\n<p>Envoyer des informations par e-mail sur les actualite\u0301s d\u2019Orosound.<br \/>Mener des ope\u0301rations de marketing (fide\u0301lisation, promotions) et adresser des publicite\u0301s par courriel aupre\u0300s de nos clients qui ne s\u2019y sont pas oppose\u0301s ou qui l\u2019ont accepte\u0301 :<br \/>Sur des produits analogues a\u0300 ceux qu\u2019ils ont commande\u0301s. Sur d\u2019autres produits propose\u0301s par la socie\u0301te\u0301.<\/p>\n<p>La base le\u0301gale des traitements est :<\/p>\n<ul>\n<li>Gestion des commandes : la base le\u0301gale du traitement est l\u2019exe\u0301cution d\u2019un contrat (Cf. article 6.1.b) du Re\u0300glement europe\u0301en sur la protection des donne\u0301es).<\/li>\n<li>Envoi de sollicitations commerciales par courriel sur des produits analogues a\u0300 ceux commande\u0301s par les clients : la base le\u0301gale du traitement est l\u2019inte\u0301re\u0302t le\u0301gitime de la socie\u0301te\u0301 (Cf. article 6.1.f) du Re\u0300glement europe\u0301en sur la protection des donne\u0301es), a\u0300 savoir promouvoir nos produits aupre\u0300s de nos clients.<\/li>\n<li>Envoi de sollicitations commerciales par courriel sur d\u2019autres produits propose\u0301s par la socie\u0301te\u0301 : la base le\u0301gale du traitement est le consentement (Cf. article 6.1.a) du Re\u0300glement europe\u0301en sur la protection des donne\u0301es), comme l\u2019exige l\u2019article L. 34-5 du code des postes et des communications e\u0301lectroniques.<\/li>\n<li>Tenue de la comptabilite\u0301 impliquant la conservation des donne\u0301es pour une pe\u0301riode de 10 ans : la base le\u0301gale du traitement est l\u2019obligation le\u0301gale (Cf. article 6.1.c du Re\u0300glement europe\u0301en sur la protection des donne\u0301es).<\/li>\n<\/ul>\n<h2><strong>Quand partageons-nous ces informations ? <\/strong><\/h2>\n<p>Le service client et facturation de la socie\u0301te\u0301 sont destinataires de l\u2019ensemble des cate\u0301gories de donne\u0301es. Ses sous-traitants charge\u0301s de la livraison de ses commandes sont destinataires de l\u2019identite\u0301, de l\u2019adresse et du nume\u0301ro de te\u0301le\u0301phone de nos clients.<br \/>Nous ne vendons en aucun cas vos donne\u0301es personnelles a\u0300 des tiers :<\/p>\n<p>\u25cf \u00a0Orosound s\u2019engage a\u0300 prendre toutes les pre\u0301cautions ne\u0301cessaires afin de pre\u0301server la se\u0301curite\u0301 des informations et notamment a\u0300 ce que vos donne\u0301es ne soient pas communique\u0301es a\u0300 des personnes non autorise\u0301es.<\/p>\n<p>\u25cf \u00a0Orosound s\u2019interdit de traiter, he\u0301berger ou transfe\u0301rer les informations collecte\u0301es sur ses clients vers un pays situe\u0301 en dehors de l\u2019Union europe\u0301enne ou reconnu comme \u00ab non ade\u0301quat \u00bb par la Commission europe\u0301enne sans en informer pre\u0301alablement le client.<\/p>\n<h2><strong>Dure\u0301e de conservation des donne\u0301es <\/strong><\/h2>\n<p>\u25cf \u00a0Donne\u0301es ne\u0301cessaires a\u0300 la gestion des commandes et a\u0300 la facturation : pendant toute la dure\u0301e de la relation commerciale et dix (10) ans au titre des obligations comptables.<\/p>\n<p>\u25cf \u00a0Donne\u0301es ne\u0301cessaires a\u0300 la re\u0301alisation des actions de fide\u0301lisation et a\u0300 la prospection : pendant toute la dure\u0301e de la relation commerciale et trois (3) ans a\u0300 compter du dernier achat.<\/p>\n<p>\u25cf \u00a0Donne\u0301es relatives aux moyens de paiement : ces donne\u0301es ne sont pas conserve\u0301es par la socie\u0301te\u0301 ; elles sont collecte\u0301es lors de la transaction et sont imme\u0301diatement supprime\u0301es de\u0300s le re\u0300glement de l\u2019achat.<\/p>\n<p>\u25cf \u00a0Donne\u0301es concernant les listes d&rsquo;opposition a\u0300 recevoir de la prospection : trois (3) ans.<\/p>\n<h2><strong>Quels sont vos droits sur vos donne\u0301es personnelles ? <\/strong><\/h2>\n<p>Si vous ne souhaitez plus recevoir de publicite\u0301 de la part de la socie\u0301te\u0301 (exercice du droit d\u2019opposition ou retrait d\u2019un consentement de\u0301ja\u0300 donne\u0301), contactez-nous : <a href=\"mailto:community@orosound.com\">community@orosound.com<\/a>.<br \/>Vous pouvez acce\u0301der aux donne\u0301es vous concernant, les rectifier ou les faire effacer. Vous disposez e\u0301galement d&rsquo;un droit a\u0300 la portabilite\u0301 et d\u2019un droit a\u0300 la limitation du traitement de vos donne\u0301es (Consultez le site cnil.fr pour plus d\u2019informations sur vos droits).<\/p>\n<p>Pour exercer ces droits ou pour toute question sur le traitement de vos donne\u0301es dans ce dispositif, vous pouvez contacter notre DPO.<br \/>Contacter notre DPO par voie e\u0301lectronique : <a href=\"mailto:dsi@orosound.com\">dsi@orosound.com<\/a><br \/>Contacter notre DPO par courrier postal : Orosound &#8211; 23 boulevard des Capucines &#8211; 75002 Paris, France<\/p>\n<p>Si vous estimez, apre\u0300s avoir contacte\u0301 la socie\u0301te\u0301, que vos droits \u00ab Informatique et Liberte\u0301s \u00bb ne sont pas respecte\u0301s, vous pouvez adresser une re\u0301clamation en ligne a\u0300 la CNIL.<\/p>\n<h2><strong>Quel est le tribunal compe\u0301tent pour appliquer ce droit ? <\/strong><\/h2>\n<p>Tout litige en relation avec l\u2019utilisation de notre site internet est soumis au droit franc\u0327ais. En dehors des cas ou\u0300 la loi ne le permet pas, il est fait attribution exclusive de juridiction aux tribunaux compe\u0301tents de Paris.<\/p>\n<h2><strong>En savoir plus <\/strong><\/h2>\n<p>Pour toute information comple\u0301mentaire concernant notre politique de confidentialite\u0301, e\u0301crivez-nous a\u0300 :<\/p>\n<p><a href=\"mailto:dsi@orosound.com\">dsi@orosound.com<\/a><\/p>\n<p>Orosound &#8211; 23 boulevard des Capucines 75002 Paris, France<\/p>\n<h2><strong>Mentions le\u0301gales <\/strong><\/h2>\n<p><strong>OROSOUND &#8211; SAS <\/strong><\/p>\n<p>Sie\u0300ge social : 84 B Quai du petit Parc 94100 SAINT-MAUR-DES-FOSSES Contact : contact@orosound.com<br \/>Siren : 811 315 829<\/p>\n<p><strong>Responsable de la Publication \u2013 Agathe Ge\u0301hin \u2013 agathe@orosound.com <\/strong><\/p>\n<p><strong>Responsable e\u0301ditorial &#8211; Agathe Ge\u0301hin \u2013 agathe@orosound.com <\/strong><\/p>\n<p><strong>He\u0301bergement \u2013 o2switch<\/strong><\/p>\n<p>[\/et_pb_text][\/et_pb_column][\/et_pb_row][\/et_pb_section][et_pb_section fb_built=\u00a0\u00bb1&Prime; fullwidth=\u00a0\u00bbon\u00a0\u00bb _builder_version=\u00a0\u00bb4.16&Prime; global_colors_info=\u00a0\u00bb{}\u00a0\u00bb][et_pb_fullwidth_image src=\u00a0\u00bbhttps:\/\/www.orosound.com\/wp-content\/uploads\/2017\/02\/orosound-matiere-verte-website.png\u00a0\u00bb alt=\u00a0\u00bblogo mati\u00e8re verte \u00e0 rayure orosound\u00a0\u00bb title_text=\u00a0\u00bbmatiere-orosound\u00a0\u00bb admin_label=\u00a0\u00bbMati\u00e8re verte\u00a0\u00bb _builder_version=\u00a0\u00bb4.16&Prime; animation_style=\u00a0\u00bbfade\u00a0\u00bb animation_duration=\u00a0\u00bb500ms\u00a0\u00bb use_border_color=\u00a0\u00bboff\u00a0\u00bb global_colors_info=\u00a0\u00bb{}\u00a0\u00bb][\/et_pb_fullwidth_image][\/et_pb_section]<\/p>\n<span class=\"et_bloom_bottom_trigger\"><\/span>","protected":false},"excerpt":{"rendered":"<p>Conditions Ge\u0301ne\u0301rales d\u2019Utilisation et re\u0300gles de confidentialite\u0301 Orosound Informations ge\u0301ne\u0301rales En utilisant notre site vous acceptez pleinement et entie\u0300rement les conditions ge\u0301ne\u0301rales ci-dessous. Nous nous efforc\u0327ons de mettre a\u0300 jour re\u0301gulie\u0300rement les donne\u0301es du site. Ces conditions peuvent donc e\u0302tre modifie\u0301es a\u0300 tout moment. Nous vous invitons a\u0300 en prendre connaissance re\u0301gulie\u0300rement.Pour des raisons de [&hellip;]<\/p>\n","protected":false},"author":2,"featured_media":0,"parent":0,"menu_order":0,"comment_status":"closed","ping_status":"closed","template":"","meta":{"_acf_changed":false,"_seopress_robots_primary_cat":"","_seopress_titles_title":"Respect de la vie priv\u00e9e | R\u00e8gles de confidentialit\u00e9 Orosound","_seopress_titles_desc":"Le respect de la vie priv\u00e9e est essentiel. Les r\u00e8gles de confidentialit\u00e9 Orosound vous informent sur la collecte et protection de vos donn\u00e9es personnelles.","_seopress_robots_index":"","_et_pb_use_builder":"on","_et_pb_old_content":"","_et_gb_content_width":"","footnotes":""},"acf":[],"_links":{"self":[{"href":"https:\/\/www.orosound.com\/fr\/wp-json\/wp\/v2\/pages\/2387"}],"collection":[{"href":"https:\/\/www.orosound.com\/fr\/wp-json\/wp\/v2\/pages"}],"about":[{"href":"https:\/\/www.orosound.com\/fr\/wp-json\/wp\/v2\/types\/page"}],"author":[{"embeddable":true,"href":"https:\/\/www.orosound.com\/fr\/wp-json\/wp\/v2\/users\/2"}],"replies":[{"embeddable":true,"href":"https:\/\/www.orosound.com\/fr\/wp-json\/wp\/v2\/comments?post=2387"}],"version-history":[{"count":1,"href":"https:\/\/www.orosound.com\/fr\/wp-json\/wp\/v2\/pages\/2387\/revisions"}],"predecessor-version":[{"id":134467,"href":"https:\/\/www.orosound.com\/fr\/wp-json\/wp\/v2\/pages\/2387\/revisions\/134467"}],"wp:attachment":[{"href":"https:\/\/www.orosound.com\/fr\/wp-json\/wp\/v2\/media?parent=2387"}],"curies":[{"name":"wp","href":"https:\/\/api.w.org\/{rel}","templated":true}]}}